{"id":25755,"date":"2025-07-28T12:29:12","date_gmt":"2025-07-28T12:29:12","guid":{"rendered":"https:\/\/ez-solutions.eu\/product\/k2-cistilo-za-stekla\/"},"modified":"2025-08-26T18:09:20","modified_gmt":"2025-08-26T16:09:20","slug":"k2-cistilo-za-stekla","status":"publish","type":"product","link":"https:\/\/ez-solutions.eu\/sl\/trgovina\/k2-cistilo-za-stekla\/","title":{"rendered":"K2 \u010distilo za stekla"},"content":{"rendered":"","protected":false},"excerpt":{"rendered":"<p>Odli\u010dno odstrani prah in nikotinske obloge z gladkih povr\u0161in (stekla, karoserija, plastika, kromirane povr\u0161ine, nerjave\u010de jeklo, vinil in druge); ne pu\u0161\u010da sledi.<\/p>\n","protected":false},"featured_media":25595,"comment_status":"open","ping_status":"closed","template":"","meta":[],"product_brand":[50],"product_cat":[90,92],"product_tag":[],"class_list":{"0":"post-25755","1":"product","2":"type-product","3":"status-publish","4":"has-post-thumbnail","6":"product_brand-k2","7":"product_cat-ciscenje","8":"product_cat-cistila-za-steklo","10":"first","11":"instock","12":"taxable","13":"shipping-taxable","14":"purchasable","15":"product-type-simple"},"_links":{"self":[{"href":"https:\/\/ez-solutions.eu\/sl\/wp-json\/wp\/v2\/product\/25755","targetHints":{"allow":["GET"]}}],"collection":[{"href":"https:\/\/ez-solutions.eu\/sl\/wp-json\/wp\/v2\/product"}],"about":[{"href":"https:\/\/ez-solutions.eu\/sl\/wp-json\/wp\/v2\/types\/product"}],"replies":[{"embeddable":true,"href":"https:\/\/ez-solutions.eu\/sl\/wp-json\/wp\/v2\/comments?post=25755"}],"version-history":[{"count":1,"href":"https:\/\/ez-solutions.eu\/sl\/wp-json\/wp\/v2\/product\/25755\/revisions"}],"predecessor-version":[{"id":25756,"href":"https:\/\/ez-solutions.eu\/sl\/wp-json\/wp\/v2\/product\/25755\/revisions\/25756"}],"wp:featuredmedia":[{"embeddable":true,"href":"https:\/\/ez-solutions.eu\/sl\/wp-json\/wp\/v2\/media\/25595"}],"wp:attachment":[{"href":"https:\/\/ez-solutions.eu\/sl\/wp-json\/wp\/v2\/media?parent=25755"}],"wp:term":[{"taxonomy":"product_brand","embeddable":true,"href":"https:\/\/ez-solutions.eu\/sl\/wp-json\/wp\/v2\/product_brand?post=25755"},{"taxonomy":"product_cat","embeddable":true,"href":"https:\/\/ez-solutions.eu\/sl\/wp-json\/wp\/v2\/product_cat?post=25755"},{"taxonomy":"product_tag","embeddable":true,"href":"https:\/\/ez-solutions.eu\/sl\/wp-json\/wp\/v2\/product_tag?post=25755"}],"curies":[{"name":"wp","href":"https:\/\/api.w.org\/{rel}","templated":true}]}}