{"id":25765,"date":"2025-08-26T18:20:11","date_gmt":"2025-08-26T16:20:11","guid":{"rendered":"https:\/\/ez-solutions.eu\/?post_type=product&#038;p=25765"},"modified":"2026-01-13T08:59:09","modified_gmt":"2026-01-13T07:59:09","slug":"k2-cistilo-za-platisca-in-zascita-proti-koroziji-copy","status":"publish","type":"product","link":"https:\/\/ez-solutions.eu\/sl\/trgovina\/k2-cistilo-za-platisca-in-zascita-proti-koroziji-copy\/","title":{"rendered":"Little Joe Vanilia"},"content":{"rendered":"","protected":false},"excerpt":{"rendered":"<p>Popestrite vsako vo\u017enjo s sladko in kremno di\u0161avo Little Joe \u2013 Vanilla. Ta di\u0161ava za avto prina\u0161a ne\u017ene, bogate note vanilije, ki va\u0161emu vozilu dodajo toplino in udobje. Vonj vanilije je znan po tem, da ustvarja spro\u0161\u010dujo\u010de vzdu\u0161je in dviguje razpolo\u017eenje, zaradi \u010desar je vsaka vo\u017enja z Little Joe Vanilla pravi u\u017eitek.<\/p>\n","protected":false},"featured_media":25769,"comment_status":"open","ping_status":"closed","template":"","meta":[],"product_brand":[96],"product_cat":[97],"product_tag":[],"class_list":{"0":"post-25765","1":"product","2":"type-product","3":"status-publish","4":"has-post-thumbnail","6":"product_brand-little-joe","7":"product_cat-disave","9":"first","10":"instock","11":"taxable","12":"shipping-taxable","13":"purchasable","14":"product-type-simple"},"_links":{"self":[{"href":"https:\/\/ez-solutions.eu\/sl\/wp-json\/wp\/v2\/product\/25765","targetHints":{"allow":["GET"]}}],"collection":[{"href":"https:\/\/ez-solutions.eu\/sl\/wp-json\/wp\/v2\/product"}],"about":[{"href":"https:\/\/ez-solutions.eu\/sl\/wp-json\/wp\/v2\/types\/product"}],"replies":[{"embeddable":true,"href":"https:\/\/ez-solutions.eu\/sl\/wp-json\/wp\/v2\/comments?post=25765"}],"version-history":[{"count":3,"href":"https:\/\/ez-solutions.eu\/sl\/wp-json\/wp\/v2\/product\/25765\/revisions"}],"predecessor-version":[{"id":26005,"href":"https:\/\/ez-solutions.eu\/sl\/wp-json\/wp\/v2\/product\/25765\/revisions\/26005"}],"wp:featuredmedia":[{"embeddable":true,"href":"https:\/\/ez-solutions.eu\/sl\/wp-json\/wp\/v2\/media\/25769"}],"wp:attachment":[{"href":"https:\/\/ez-solutions.eu\/sl\/wp-json\/wp\/v2\/media?parent=25765"}],"wp:term":[{"taxonomy":"product_brand","embeddable":true,"href":"https:\/\/ez-solutions.eu\/sl\/wp-json\/wp\/v2\/product_brand?post=25765"},{"taxonomy":"product_cat","embeddable":true,"href":"https:\/\/ez-solutions.eu\/sl\/wp-json\/wp\/v2\/product_cat?post=25765"},{"taxonomy":"product_tag","embeddable":true,"href":"https:\/\/ez-solutions.eu\/sl\/wp-json\/wp\/v2\/product_tag?post=25765"}],"curies":[{"name":"wp","href":"https:\/\/api.w.org\/{rel}","templated":true}]}}