{"id":25826,"date":"2025-09-09T09:53:58","date_gmt":"2025-09-09T07:53:58","guid":{"rendered":"https:\/\/ez-solutions.eu\/?post_type=product&#038;p=25826"},"modified":"2026-01-13T08:59:07","modified_gmt":"2026-01-13T07:59:07","slug":"little-joe-vanilija-copy-copy","status":"publish","type":"product","link":"https:\/\/ez-solutions.eu\/sl\/trgovina\/little-joe-vanilija-copy-copy\/","title":{"rendered":"Little Joya Cotton Candy"},"content":{"rendered":"","protected":false},"excerpt":{"rendered":"<p>Little Joya by Little Joe je prikupen, \u017eenstven osve\u017eilec za avto s sve\u017eo in po\u017eivljajo\u010do borovni\u010devo di\u0161avo. Zdru\u017euje so\u010dno aromo zrelih brusnic z osve\u017eujo\u010dim pridihom mentola in zdrobljenega ledu, kar ustvarja edinstveno po\u017eivljajo\u010do di\u0161avno izku\u0161njo. <\/p>\n","protected":false},"featured_media":25828,"comment_status":"open","ping_status":"closed","template":"","meta":[],"product_brand":[96],"product_cat":[97],"product_tag":[],"class_list":{"0":"post-25826","1":"product","2":"type-product","3":"status-publish","4":"has-post-thumbnail","6":"product_brand-little-joe","7":"product_cat-disave","9":"first","10":"instock","11":"taxable","12":"shipping-taxable","13":"purchasable","14":"product-type-simple"},"_links":{"self":[{"href":"https:\/\/ez-solutions.eu\/sl\/wp-json\/wp\/v2\/product\/25826","targetHints":{"allow":["GET"]}}],"collection":[{"href":"https:\/\/ez-solutions.eu\/sl\/wp-json\/wp\/v2\/product"}],"about":[{"href":"https:\/\/ez-solutions.eu\/sl\/wp-json\/wp\/v2\/types\/product"}],"replies":[{"embeddable":true,"href":"https:\/\/ez-solutions.eu\/sl\/wp-json\/wp\/v2\/comments?post=25826"}],"version-history":[{"count":4,"href":"https:\/\/ez-solutions.eu\/sl\/wp-json\/wp\/v2\/product\/25826\/revisions"}],"predecessor-version":[{"id":25997,"href":"https:\/\/ez-solutions.eu\/sl\/wp-json\/wp\/v2\/product\/25826\/revisions\/25997"}],"wp:featuredmedia":[{"embeddable":true,"href":"https:\/\/ez-solutions.eu\/sl\/wp-json\/wp\/v2\/media\/25828"}],"wp:attachment":[{"href":"https:\/\/ez-solutions.eu\/sl\/wp-json\/wp\/v2\/media?parent=25826"}],"wp:term":[{"taxonomy":"product_brand","embeddable":true,"href":"https:\/\/ez-solutions.eu\/sl\/wp-json\/wp\/v2\/product_brand?post=25826"},{"taxonomy":"product_cat","embeddable":true,"href":"https:\/\/ez-solutions.eu\/sl\/wp-json\/wp\/v2\/product_cat?post=25826"},{"taxonomy":"product_tag","embeddable":true,"href":"https:\/\/ez-solutions.eu\/sl\/wp-json\/wp\/v2\/product_tag?post=25826"}],"curies":[{"name":"wp","href":"https:\/\/api.w.org\/{rel}","templated":true}]}}