{"id":25836,"date":"2025-09-10T09:44:57","date_gmt":"2025-09-10T07:44:57","guid":{"rendered":"https:\/\/ez-solutions.eu\/?post_type=product&#038;p=25836"},"modified":"2025-09-10T10:04:21","modified_gmt":"2025-09-10T08:04:21","slug":"little-joya-cotton-candy-copy","status":"publish","type":"product","link":"https:\/\/ez-solutions.eu\/sl\/trgovina\/little-joya-cotton-candy-copy\/","title":{"rendered":"Baseus A+C 30w Avto polnilec"},"content":{"rendered":"","protected":false},"excerpt":{"rendered":"<p>Kompakten in eleganten avtomobilski polnilec, ki podpira ve\u010d hitrih tehnologij polnjenja (PD 3.0, QC 4.0, SCP, AFC, VOOC). Z mo\u010djo do 30 W naprave polni enako hitro kot stenski polnilec. Opremljen je z dvema priklju\u010dkoma za hkratno polnjenje dveh naprav, vzdr\u017eljivim ohi\u0161jem iz ABS+PC materiala, ve\u010dstopenjsko za\u0161\u010dito (pred prenapolnjenostjo, pregrevanjem, kratkim stikom) in pametnim upravljanjem napajanja. Diskretna modra LED osvetlitev omogo\u010da enostavno uporabo tudi pono\u010di.   <\/p>\n","protected":false},"featured_media":25840,"comment_status":"open","ping_status":"closed","template":"","meta":[],"product_brand":[108],"product_cat":[111,112],"product_tag":[],"class_list":{"0":"post-25836","1":"product","2":"type-product","3":"status-publish","4":"has-post-thumbnail","6":"product_brand-baseus","7":"product_cat-dodatki-za-avto","8":"product_cat-polnjenje","10":"first","11":"instock","12":"sale","13":"taxable","14":"shipping-taxable","15":"purchasable","16":"product-type-simple"},"_links":{"self":[{"href":"https:\/\/ez-solutions.eu\/sl\/wp-json\/wp\/v2\/product\/25836","targetHints":{"allow":["GET"]}}],"collection":[{"href":"https:\/\/ez-solutions.eu\/sl\/wp-json\/wp\/v2\/product"}],"about":[{"href":"https:\/\/ez-solutions.eu\/sl\/wp-json\/wp\/v2\/types\/product"}],"replies":[{"embeddable":true,"href":"https:\/\/ez-solutions.eu\/sl\/wp-json\/wp\/v2\/comments?post=25836"}],"version-history":[{"count":2,"href":"https:\/\/ez-solutions.eu\/sl\/wp-json\/wp\/v2\/product\/25836\/revisions"}],"predecessor-version":[{"id":25848,"href":"https:\/\/ez-solutions.eu\/sl\/wp-json\/wp\/v2\/product\/25836\/revisions\/25848"}],"wp:featuredmedia":[{"embeddable":true,"href":"https:\/\/ez-solutions.eu\/sl\/wp-json\/wp\/v2\/media\/25840"}],"wp:attachment":[{"href":"https:\/\/ez-solutions.eu\/sl\/wp-json\/wp\/v2\/media?parent=25836"}],"wp:term":[{"taxonomy":"product_brand","embeddable":true,"href":"https:\/\/ez-solutions.eu\/sl\/wp-json\/wp\/v2\/product_brand?post=25836"},{"taxonomy":"product_cat","embeddable":true,"href":"https:\/\/ez-solutions.eu\/sl\/wp-json\/wp\/v2\/product_cat?post=25836"},{"taxonomy":"product_tag","embeddable":true,"href":"https:\/\/ez-solutions.eu\/sl\/wp-json\/wp\/v2\/product_tag?post=25836"}],"curies":[{"name":"wp","href":"https:\/\/api.w.org\/{rel}","templated":true}]}}