{"id":25897,"date":"2025-09-15T14:02:16","date_gmt":"2025-09-15T12:02:16","guid":{"rendered":"https:\/\/ez-solutions.eu\/?post_type=product&#038;p=25897"},"modified":"2025-09-15T14:14:19","modified_gmt":"2025-09-15T12:14:19","slug":"baseus-kabel-type-c-60w-copy","status":"publish","type":"product","link":"https:\/\/ez-solutions.eu\/sl\/trgovina\/baseus-kabel-type-c-60w-copy\/","title":{"rendered":"Baseus Kabel USB-A to Type-C"},"content":{"rendered":"","protected":false},"excerpt":{"rendered":"<p class=\"p1\">Baseus Cafule USB na Type-C kabel omogo\u010da zanesljivo 3A hitro polnjenje in stabilen prenos podatkov. Oja\u010dani priklju\u010dki in pletena najlonska zunanjost zagotavljajo ve\u010djo vzdr\u017eljivost pri vsakodnevni uporabi. Kompaktna sivo-\u010drna zasnova zdru\u017euje slog in trpe\u017enost, zato je prakti\u010den dodatek za pametne telefone, tablice in druge naprave z USB-C priklju\u010dkom.  <\/p>\n","protected":false},"featured_media":25899,"comment_status":"open","ping_status":"closed","template":"","meta":[],"product_brand":[108],"product_cat":[111,112],"product_tag":[],"class_list":{"0":"post-25897","1":"product","2":"type-product","3":"status-publish","4":"has-post-thumbnail","6":"product_brand-baseus","7":"product_cat-dodatki-za-avto","8":"product_cat-polnjenje","10":"first","11":"instock","12":"sale","13":"taxable","14":"shipping-taxable","15":"purchasable","16":"product-type-simple"},"_links":{"self":[{"href":"https:\/\/ez-solutions.eu\/sl\/wp-json\/wp\/v2\/product\/25897","targetHints":{"allow":["GET"]}}],"collection":[{"href":"https:\/\/ez-solutions.eu\/sl\/wp-json\/wp\/v2\/product"}],"about":[{"href":"https:\/\/ez-solutions.eu\/sl\/wp-json\/wp\/v2\/types\/product"}],"replies":[{"embeddable":true,"href":"https:\/\/ez-solutions.eu\/sl\/wp-json\/wp\/v2\/comments?post=25897"}],"version-history":[{"count":2,"href":"https:\/\/ez-solutions.eu\/sl\/wp-json\/wp\/v2\/product\/25897\/revisions"}],"predecessor-version":[{"id":25911,"href":"https:\/\/ez-solutions.eu\/sl\/wp-json\/wp\/v2\/product\/25897\/revisions\/25911"}],"wp:featuredmedia":[{"embeddable":true,"href":"https:\/\/ez-solutions.eu\/sl\/wp-json\/wp\/v2\/media\/25899"}],"wp:attachment":[{"href":"https:\/\/ez-solutions.eu\/sl\/wp-json\/wp\/v2\/media?parent=25897"}],"wp:term":[{"taxonomy":"product_brand","embeddable":true,"href":"https:\/\/ez-solutions.eu\/sl\/wp-json\/wp\/v2\/product_brand?post=25897"},{"taxonomy":"product_cat","embeddable":true,"href":"https:\/\/ez-solutions.eu\/sl\/wp-json\/wp\/v2\/product_cat?post=25897"},{"taxonomy":"product_tag","embeddable":true,"href":"https:\/\/ez-solutions.eu\/sl\/wp-json\/wp\/v2\/product_tag?post=25897"}],"curies":[{"name":"wp","href":"https:\/\/api.w.org\/{rel}","templated":true}]}}