{"id":25944,"date":"2026-01-12T13:11:44","date_gmt":"2026-01-12T12:11:44","guid":{"rendered":"https:\/\/ez-solutions.eu\/?post_type=product&#038;p=25944"},"modified":"2026-01-13T08:59:05","modified_gmt":"2026-01-13T07:59:05","slug":"little-joe-black-velvet-copy-copy","status":"publish","type":"product","link":"https:\/\/ez-solutions.eu\/sl\/trgovina\/little-joe-black-velvet-copy-copy\/","title":{"rendered":"Little Joya Sweet Dreams"},"content":{"rendered":"","protected":false},"excerpt":{"rendered":"<p>Prinesite sanjsko sve\u017eino v svoj avto z Little Joe \u2013 Sweet Dreams. Sve\u017ee citrusne in mentolaste note se prepletajo z ne\u017enimi cvetli\u010dnimi toni ter toplo mo\u0161usno osnovo, ki ustvarja spro\u0161\u010dujo\u010do in dolgotrajno prijetno atmosfero ob vsaki vo\u017enji.<\/p>\n","protected":false},"featured_media":25953,"comment_status":"open","ping_status":"closed","template":"","meta":[],"product_brand":[96],"product_cat":[97],"product_tag":[],"class_list":{"0":"post-25944","1":"product","2":"type-product","3":"status-publish","4":"has-post-thumbnail","6":"product_brand-little-joe","7":"product_cat-disave","9":"first","10":"instock","11":"taxable","12":"shipping-taxable","13":"purchasable","14":"product-type-simple"},"_links":{"self":[{"href":"https:\/\/ez-solutions.eu\/sl\/wp-json\/wp\/v2\/product\/25944","targetHints":{"allow":["GET"]}}],"collection":[{"href":"https:\/\/ez-solutions.eu\/sl\/wp-json\/wp\/v2\/product"}],"about":[{"href":"https:\/\/ez-solutions.eu\/sl\/wp-json\/wp\/v2\/types\/product"}],"replies":[{"embeddable":true,"href":"https:\/\/ez-solutions.eu\/sl\/wp-json\/wp\/v2\/comments?post=25944"}],"version-history":[{"count":4,"href":"https:\/\/ez-solutions.eu\/sl\/wp-json\/wp\/v2\/product\/25944\/revisions"}],"predecessor-version":[{"id":26001,"href":"https:\/\/ez-solutions.eu\/sl\/wp-json\/wp\/v2\/product\/25944\/revisions\/26001"}],"wp:featuredmedia":[{"embeddable":true,"href":"https:\/\/ez-solutions.eu\/sl\/wp-json\/wp\/v2\/media\/25953"}],"wp:attachment":[{"href":"https:\/\/ez-solutions.eu\/sl\/wp-json\/wp\/v2\/media?parent=25944"}],"wp:term":[{"taxonomy":"product_brand","embeddable":true,"href":"https:\/\/ez-solutions.eu\/sl\/wp-json\/wp\/v2\/product_brand?post=25944"},{"taxonomy":"product_cat","embeddable":true,"href":"https:\/\/ez-solutions.eu\/sl\/wp-json\/wp\/v2\/product_cat?post=25944"},{"taxonomy":"product_tag","embeddable":true,"href":"https:\/\/ez-solutions.eu\/sl\/wp-json\/wp\/v2\/product_tag?post=25944"}],"curies":[{"name":"wp","href":"https:\/\/api.w.org\/{rel}","templated":true}]}}