{"id":25959,"date":"2026-01-12T13:23:28","date_gmt":"2026-01-12T12:23:28","guid":{"rendered":"https:\/\/ez-solutions.eu\/?post_type=product&#038;p=25959"},"modified":"2026-01-13T08:59:04","modified_gmt":"2026-01-13T07:59:04","slug":"little-joya-sweet-dreams-copy","status":"publish","type":"product","link":"https:\/\/ez-solutions.eu\/sl\/trgovina\/little-joya-sweet-dreams-copy\/","title":{"rendered":"Little Pup Blueberry Paws"},"content":{"rendered":"","protected":false},"excerpt":{"rendered":"<p>Little Pup Blueberry Paws je zabavna avtomobilska di\u0161ava s sladkim vonjem borovnice, ki vsaki vo\u017enji doda sve\u017eo in igrivo atmosfero.<\/p>\n","protected":false},"featured_media":25963,"comment_status":"open","ping_status":"closed","template":"","meta":[],"product_brand":[96],"product_cat":[97],"product_tag":[],"class_list":{"0":"post-25959","1":"product","2":"type-product","3":"status-publish","4":"has-post-thumbnail","6":"product_brand-little-joe","7":"product_cat-disave","9":"first","10":"instock","11":"taxable","12":"shipping-taxable","13":"purchasable","14":"product-type-simple"},"_links":{"self":[{"href":"https:\/\/ez-solutions.eu\/sl\/wp-json\/wp\/v2\/product\/25959","targetHints":{"allow":["GET"]}}],"collection":[{"href":"https:\/\/ez-solutions.eu\/sl\/wp-json\/wp\/v2\/product"}],"about":[{"href":"https:\/\/ez-solutions.eu\/sl\/wp-json\/wp\/v2\/types\/product"}],"replies":[{"embeddable":true,"href":"https:\/\/ez-solutions.eu\/sl\/wp-json\/wp\/v2\/comments?post=25959"}],"version-history":[{"count":4,"href":"https:\/\/ez-solutions.eu\/sl\/wp-json\/wp\/v2\/product\/25959\/revisions"}],"predecessor-version":[{"id":25998,"href":"https:\/\/ez-solutions.eu\/sl\/wp-json\/wp\/v2\/product\/25959\/revisions\/25998"}],"wp:featuredmedia":[{"embeddable":true,"href":"https:\/\/ez-solutions.eu\/sl\/wp-json\/wp\/v2\/media\/25963"}],"wp:attachment":[{"href":"https:\/\/ez-solutions.eu\/sl\/wp-json\/wp\/v2\/media?parent=25959"}],"wp:term":[{"taxonomy":"product_brand","embeddable":true,"href":"https:\/\/ez-solutions.eu\/sl\/wp-json\/wp\/v2\/product_brand?post=25959"},{"taxonomy":"product_cat","embeddable":true,"href":"https:\/\/ez-solutions.eu\/sl\/wp-json\/wp\/v2\/product_cat?post=25959"},{"taxonomy":"product_tag","embeddable":true,"href":"https:\/\/ez-solutions.eu\/sl\/wp-json\/wp\/v2\/product_tag?post=25959"}],"curies":[{"name":"wp","href":"https:\/\/api.w.org\/{rel}","templated":true}]}}