{"id":25977,"date":"2026-01-12T13:31:56","date_gmt":"2026-01-12T12:31:56","guid":{"rendered":"https:\/\/ez-solutions.eu\/?post_type=product&#038;p=25977"},"modified":"2026-01-13T08:59:03","modified_gmt":"2026-01-13T07:59:03","slug":"little-pup-blueberry-paws-copy-2","status":"publish","type":"product","link":"https:\/\/ez-solutions.eu\/sl\/trgovina\/little-pup-blueberry-paws-copy-2\/","title":{"rendered":"Little Pup Fresh Mint"},"content":{"rendered":"","protected":false},"excerpt":{"rendered":"<p>Little Pup Fresh Mint je osve\u017eujo\u010da avtomobilska di\u0161ava s hladnim vonjem mete, ki poskrbi, da je va\u0161 avtomobil ob vsaki vo\u017enji sve\u017e in po\u017eivljajo\u010d.<\/p>\n","protected":false},"featured_media":25979,"comment_status":"open","ping_status":"closed","template":"","meta":[],"product_brand":[96],"product_cat":[97],"product_tag":[],"class_list":{"0":"post-25977","1":"product","2":"type-product","3":"status-publish","4":"has-post-thumbnail","6":"product_brand-little-joe","7":"product_cat-disave","9":"first","10":"instock","11":"taxable","12":"shipping-taxable","13":"purchasable","14":"product-type-simple"},"_links":{"self":[{"href":"https:\/\/ez-solutions.eu\/sl\/wp-json\/wp\/v2\/product\/25977","targetHints":{"allow":["GET"]}}],"collection":[{"href":"https:\/\/ez-solutions.eu\/sl\/wp-json\/wp\/v2\/product"}],"about":[{"href":"https:\/\/ez-solutions.eu\/sl\/wp-json\/wp\/v2\/types\/product"}],"replies":[{"embeddable":true,"href":"https:\/\/ez-solutions.eu\/sl\/wp-json\/wp\/v2\/comments?post=25977"}],"version-history":[{"count":4,"href":"https:\/\/ez-solutions.eu\/sl\/wp-json\/wp\/v2\/product\/25977\/revisions"}],"predecessor-version":[{"id":26000,"href":"https:\/\/ez-solutions.eu\/sl\/wp-json\/wp\/v2\/product\/25977\/revisions\/26000"}],"wp:featuredmedia":[{"embeddable":true,"href":"https:\/\/ez-solutions.eu\/sl\/wp-json\/wp\/v2\/media\/25979"}],"wp:attachment":[{"href":"https:\/\/ez-solutions.eu\/sl\/wp-json\/wp\/v2\/media?parent=25977"}],"wp:term":[{"taxonomy":"product_brand","embeddable":true,"href":"https:\/\/ez-solutions.eu\/sl\/wp-json\/wp\/v2\/product_brand?post=25977"},{"taxonomy":"product_cat","embeddable":true,"href":"https:\/\/ez-solutions.eu\/sl\/wp-json\/wp\/v2\/product_cat?post=25977"},{"taxonomy":"product_tag","embeddable":true,"href":"https:\/\/ez-solutions.eu\/sl\/wp-json\/wp\/v2\/product_tag?post=25977"}],"curies":[{"name":"wp","href":"https:\/\/api.w.org\/{rel}","templated":true}]}}