{"id":25985,"date":"2026-01-12T13:43:15","date_gmt":"2026-01-12T12:43:15","guid":{"rendered":"https:\/\/ez-solutions.eu\/?post_type=product&#038;p=25985"},"modified":"2026-01-13T08:59:03","modified_gmt":"2026-01-13T07:59:03","slug":"little-joya-sweet-dreams-copy-2","status":"publish","type":"product","link":"https:\/\/ez-solutions.eu\/sl\/trgovina\/little-joya-sweet-dreams-copy-2\/","title":{"rendered":"Little Joya Springtime"},"content":{"rendered":"","protected":false},"excerpt":{"rendered":"<p>Odkrijte Little Joya Springtime, avtomobilsko di\u0161avo, navdihnjeno s cveto\u010dimi travniki in sve\u017eim jutranjim zrakom. S cvetli\u010dnimi, zelenimi in citrusnimi notami v vsako vo\u017enjo prina\u0161a dolgotrajno sve\u017eino, energijo in lahkoten pomladni ob\u010dutek. <\/p>\n","protected":false},"featured_media":25946,"comment_status":"open","ping_status":"closed","template":"","meta":[],"product_brand":[96],"product_cat":[97],"product_tag":[],"class_list":{"0":"post-25985","1":"product","2":"type-product","3":"status-publish","4":"has-post-thumbnail","6":"product_brand-little-joe","7":"product_cat-disave","9":"first","10":"instock","11":"taxable","12":"shipping-taxable","13":"purchasable","14":"product-type-simple"},"_links":{"self":[{"href":"https:\/\/ez-solutions.eu\/sl\/wp-json\/wp\/v2\/product\/25985","targetHints":{"allow":["GET"]}}],"collection":[{"href":"https:\/\/ez-solutions.eu\/sl\/wp-json\/wp\/v2\/product"}],"about":[{"href":"https:\/\/ez-solutions.eu\/sl\/wp-json\/wp\/v2\/types\/product"}],"replies":[{"embeddable":true,"href":"https:\/\/ez-solutions.eu\/sl\/wp-json\/wp\/v2\/comments?post=25985"}],"version-history":[{"count":3,"href":"https:\/\/ez-solutions.eu\/sl\/wp-json\/wp\/v2\/product\/25985\/revisions"}],"predecessor-version":[{"id":25999,"href":"https:\/\/ez-solutions.eu\/sl\/wp-json\/wp\/v2\/product\/25985\/revisions\/25999"}],"wp:featuredmedia":[{"embeddable":true,"href":"https:\/\/ez-solutions.eu\/sl\/wp-json\/wp\/v2\/media\/25946"}],"wp:attachment":[{"href":"https:\/\/ez-solutions.eu\/sl\/wp-json\/wp\/v2\/media?parent=25985"}],"wp:term":[{"taxonomy":"product_brand","embeddable":true,"href":"https:\/\/ez-solutions.eu\/sl\/wp-json\/wp\/v2\/product_brand?post=25985"},{"taxonomy":"product_cat","embeddable":true,"href":"https:\/\/ez-solutions.eu\/sl\/wp-json\/wp\/v2\/product_cat?post=25985"},{"taxonomy":"product_tag","embeddable":true,"href":"https:\/\/ez-solutions.eu\/sl\/wp-json\/wp\/v2\/product_tag?post=25985"}],"curies":[{"name":"wp","href":"https:\/\/api.w.org\/{rel}","templated":true}]}}